{"id":1856,"date":"2017-10-11T23:09:41","date_gmt":"2017-10-12T01:39:41","guid":{"rendered":"http:\/\/master.commercial.dlcserver.com\/fr\/?page_id=1856"},"modified":"2017-10-12T16:27:27","modified_gmt":"2017-10-12T18:57:27","slug":"preteurs-et-associations","status":"publish","type":"page","link":"https:\/\/davidbeckingham.ca\/fr\/preteurs-et-associations\/","title":{"rendered":"Pr\u00eateurs et Associations"},"content":{"rendered":"<h2>Pr\u00eateurs<\/h2>\n<p>Les professionnels en pr\u00eats hypoth\u00e9caires et en cr\u00e9dits-bails des Centres hypoth\u00e9caires Dominion magasinent aupr\u00e8s de 100 banques, coop\u00e9ratives de cr\u00e9dit et soci\u00e9t\u00e9s fiduciaires afin de satisfaire \u00e0 vos besoins de financement. Nous rechercherons des centaines de produits afin de trouver la meilleure solution hypoth\u00e9caire et de cr\u00e9dit-bail, faite selon vos besoins.<\/p>\n","protected":false},"excerpt":{"rendered":"<p>Pr\u00eateurs Les professionnels en pr\u00eats hypoth\u00e9caires et en cr\u00e9dits-bails des Centres hypoth\u00e9caires Dominion magasinent aupr\u00e8s de 100 banques, coop\u00e9ratives de cr\u00e9dit et soci\u00e9t\u00e9s fiduciaires afin de satisfaire \u00e0 vos besoins de financement. Nous rechercherons des centaines de produits afin de trouver la meilleure solution hypoth\u00e9caire et de cr\u00e9dit-bail, faite selon vos besoins.<\/p>\n","protected":false},"author":1,"featured_media":1783,"parent":0,"menu_order":0,"comment_status":"closed","ping_status":"closed","template":"page-templates\/lenders-associations-page.php","meta":[],"yoast_head":"<!-- This site is optimized with the Yoast SEO plugin v17.1 - https:\/\/yoast.com\/wordpress\/plugins\/seo\/ -->\n<meta name=\"robots\" content=\"index, follow, max-snippet:-1, max-image-preview:large, max-video-preview:-1\" \/>\n<link rel=\"canonical\" href=\"https:\/\/davidbeckingham.ca\/fr\/preteurs-et-associations\/\" \/>\n<meta property=\"og:locale\" content=\"fr_FR\" \/>\n<meta property=\"og:type\" content=\"article\" \/>\n<meta property=\"og:title\" content=\"Pr\u00eateurs et Associations - Centres Hypoth\u00e9caires Dominion\" \/>\n<meta property=\"og:description\" content=\"Pr\u00eateurs Les professionnels en pr\u00eats hypoth\u00e9caires et en cr\u00e9dits-bails des Centres hypoth\u00e9caires Dominion magasinent aupr\u00e8s de 100 banques, coop\u00e9ratives de cr\u00e9dit et soci\u00e9t\u00e9s fiduciaires afin de satisfaire \u00e0 vos besoins de financement. Nous rechercherons des centaines de produits afin de trouver la meilleure solution hypoth\u00e9caire et de cr\u00e9dit-bail, faite selon vos besoins.\" \/>\n<meta property=\"og:url\" content=\"https:\/\/davidbeckingham.ca\/fr\/preteurs-et-associations\/\" \/>\n<meta property=\"og:site_name\" content=\"Centres Hypoth\u00e9caires Dominion\" \/>\n<meta property=\"article:modified_time\" content=\"2017-10-12T18:57:27+00:00\" \/>\n<meta property=\"og:image\" content=\"https:\/\/davidbeckingham.ca\/wp-content\/uploads\/2017\/06\/agents-banner.jpg\" \/>\n\t<meta property=\"og:image:width\" content=\"2000\" \/>\n\t<meta property=\"og:image:height\" content=\"277\" \/>\n<meta name=\"twitter:card\" content=\"summary\" \/>\n<script type=\"application\/ld+json\" class=\"yoast-schema-graph\">{\"@context\":\"https:\/\/schema.org\",\"@graph\":[{\"@type\":\"WebSite\",\"@id\":\"https:\/\/davidbeckingham.ca\/#website\",\"url\":\"https:\/\/davidbeckingham.ca\/\",\"name\":\"Centres Hypoth\\u00e9caires Dominion\",\"description\":\"Just another WordPress site\",\"potentialAction\":[{\"@type\":\"SearchAction\",\"target\":{\"@type\":\"EntryPoint\",\"urlTemplate\":\"https:\/\/davidbeckingham.ca\/?s={search_term_string}\"},\"query-input\":\"required name=search_term_string\"}],\"inLanguage\":\"fr-FR\"},{\"@type\":\"ImageObject\",\"@id\":\"https:\/\/davidbeckingham.ca\/fr\/preteurs-et-associations\/#primaryimage\",\"inLanguage\":\"fr-FR\",\"url\":\"https:\/\/davidbeckingham.ca\/wp-content\/uploads\/2017\/06\/agents-banner.jpg\",\"contentUrl\":\"https:\/\/davidbeckingham.ca\/wp-content\/uploads\/2017\/06\/agents-banner.jpg\",\"width\":2000,\"height\":277},{\"@type\":\"WebPage\",\"@id\":\"https:\/\/davidbeckingham.ca\/fr\/preteurs-et-associations\/#webpage\",\"url\":\"https:\/\/davidbeckingham.ca\/fr\/preteurs-et-associations\/\",\"name\":\"Pr\\u00eateurs et Associations - Centres Hypoth\\u00e9caires Dominion\",\"isPartOf\":{\"@id\":\"https:\/\/davidbeckingham.ca\/#website\"},\"primaryImageOfPage\":{\"@id\":\"https:\/\/davidbeckingham.ca\/fr\/preteurs-et-associations\/#primaryimage\"},\"datePublished\":\"2017-10-12T01:39:41+00:00\",\"dateModified\":\"2017-10-12T18:57:27+00:00\",\"breadcrumb\":{\"@id\":\"https:\/\/davidbeckingham.ca\/fr\/preteurs-et-associations\/#breadcrumb\"},\"inLanguage\":\"fr-FR\",\"potentialAction\":[{\"@type\":\"ReadAction\",\"target\":[\"https:\/\/davidbeckingham.ca\/fr\/preteurs-et-associations\/\"]}]},{\"@type\":\"BreadcrumbList\",\"@id\":\"https:\/\/davidbeckingham.ca\/fr\/preteurs-et-associations\/#breadcrumb\",\"itemListElement\":[{\"@type\":\"ListItem\",\"position\":1,\"name\":\"Home\",\"item\":\"https:\/\/davidbeckingham.ca\/fr\/\"},{\"@type\":\"ListItem\",\"position\":2,\"name\":\"Pr\\u00eateurs et Associations\"}]}]}<\/script>\n<!-- \/ Yoast SEO plugin. -->","yoast_head_json":{"robots":{"index":"index","follow":"follow","max-snippet":"max-snippet:-1","max-image-preview":"max-image-preview:large","max-video-preview":"max-video-preview:-1"},"canonical":"https:\/\/davidbeckingham.ca\/fr\/preteurs-et-associations\/","og_locale":"fr_FR","og_type":"article","og_title":"Pr\u00eateurs et Associations - Centres Hypoth\u00e9caires Dominion","og_description":"Pr\u00eateurs Les professionnels en pr\u00eats hypoth\u00e9caires et en cr\u00e9dits-bails des Centres hypoth\u00e9caires Dominion magasinent aupr\u00e8s de 100 banques, coop\u00e9ratives de cr\u00e9dit et soci\u00e9t\u00e9s fiduciaires afin de satisfaire \u00e0 vos besoins de financement. Nous rechercherons des centaines de produits afin de trouver la meilleure solution hypoth\u00e9caire et de cr\u00e9dit-bail, faite selon vos besoins.","og_url":"https:\/\/davidbeckingham.ca\/fr\/preteurs-et-associations\/","og_site_name":"Centres Hypoth\u00e9caires Dominion","article_modified_time":"2017-10-12T18:57:27+00:00","og_image":[{"width":2000,"height":277,"url":"https:\/\/davidbeckingham.ca\/wp-content\/uploads\/2017\/06\/agents-banner.jpg","path":"\/var\/www\/sites\/wps\/sites\/code\/wp-content\/uploads\/2017\/06\/agents-banner.jpg","size":"full","id":1783,"alt":"","pixels":554000,"type":"image\/jpeg"}],"twitter_card":"summary","schema":{"@context":"https:\/\/schema.org","@graph":[{"@type":"WebSite","@id":"https:\/\/davidbeckingham.ca\/#website","url":"https:\/\/davidbeckingham.ca\/","name":"Centres Hypoth\u00e9caires Dominion","description":"Just another WordPress site","potentialAction":[{"@type":"SearchAction","target":{"@type":"EntryPoint","urlTemplate":"https:\/\/davidbeckingham.ca\/?s={search_term_string}"},"query-input":"required name=search_term_string"}],"inLanguage":"fr-FR"},{"@type":"ImageObject","@id":"https:\/\/davidbeckingham.ca\/fr\/preteurs-et-associations\/#primaryimage","inLanguage":"fr-FR","url":"https:\/\/davidbeckingham.ca\/wp-content\/uploads\/2017\/06\/agents-banner.jpg","contentUrl":"https:\/\/davidbeckingham.ca\/wp-content\/uploads\/2017\/06\/agents-banner.jpg","width":2000,"height":277},{"@type":"WebPage","@id":"https:\/\/davidbeckingham.ca\/fr\/preteurs-et-associations\/#webpage","url":"https:\/\/davidbeckingham.ca\/fr\/preteurs-et-associations\/","name":"Pr\u00eateurs et Associations - Centres Hypoth\u00e9caires Dominion","isPartOf":{"@id":"https:\/\/davidbeckingham.ca\/#website"},"primaryImageOfPage":{"@id":"https:\/\/davidbeckingham.ca\/fr\/preteurs-et-associations\/#primaryimage"},"datePublished":"2017-10-12T01:39:41+00:00","dateModified":"2017-10-12T18:57:27+00:00","breadcrumb":{"@id":"https:\/\/davidbeckingham.ca\/fr\/preteurs-et-associations\/#breadcrumb"},"inLanguage":"fr-FR","potentialAction":[{"@type":"ReadAction","target":["https:\/\/davidbeckingham.ca\/fr\/preteurs-et-associations\/"]}]},{"@type":"BreadcrumbList","@id":"https:\/\/davidbeckingham.ca\/fr\/preteurs-et-associations\/#breadcrumb","itemListElement":[{"@type":"ListItem","position":1,"name":"Home","item":"https:\/\/davidbeckingham.ca\/fr\/"},{"@type":"ListItem","position":2,"name":"Pr\u00eateurs et Associations"}]}]}},"_links":{"self":[{"href":"https:\/\/davidbeckingham.ca\/fr\/wp-json\/wp\/v2\/pages\/1856"}],"collection":[{"href":"https:\/\/davidbeckingham.ca\/fr\/wp-json\/wp\/v2\/pages"}],"about":[{"href":"https:\/\/davidbeckingham.ca\/fr\/wp-json\/wp\/v2\/types\/page"}],"author":[{"embeddable":true,"href":"https:\/\/davidbeckingham.ca\/fr\/wp-json\/wp\/v2\/users\/1"}],"replies":[{"embeddable":true,"href":"https:\/\/davidbeckingham.ca\/fr\/wp-json\/wp\/v2\/comments?post=1856"}],"version-history":[{"count":2,"href":"https:\/\/davidbeckingham.ca\/fr\/wp-json\/wp\/v2\/pages\/1856\/revisions"}],"predecessor-version":[{"id":1865,"href":"https:\/\/davidbeckingham.ca\/fr\/wp-json\/wp\/v2\/pages\/1856\/revisions\/1865"}],"wp:featuredmedia":[{"embeddable":true,"href":"https:\/\/davidbeckingham.ca\/fr\/wp-json\/wp\/v2\/media\/1783"}],"wp:attachment":[{"href":"https:\/\/davidbeckingham.ca\/fr\/wp-json\/wp\/v2\/media?parent=1856"}],"curies":[{"name":"wp","href":"https:\/\/api.w.org\/{rel}","templated":true}]}}